{"id":2569,"date":"2019-08-22T16:22:51","date_gmt":"2019-08-22T16:22:51","guid":{"rendered":"http:\/\/architecture-awards-agenda.ca\/?page_id=2569"},"modified":"2020-11-10T17:10:57","modified_gmt":"2020-11-10T17:10:57","slug":"presentation","status":"publish","type":"page","link":"https:\/\/architecture-awards-agenda.ca\/fr\/presentation\/","title":{"rendered":"Presentation"},"content":{"rendered":"<p><strong>Pr\u00e9sentation<\/strong><\/p>\n<p><em><strong>L\u2019Atlas de recherche sur l&#8217;exemplarit\u00e9 en architecture est un chantier ouvert!<\/strong><\/em><\/p>\n<p>&nbsp;<\/p>\n<p>L\u2019<strong>Atlas de recherche sur l&#8217;exemplarit\u00e9 en architecture (AREA) <\/strong>est une initiative de la <strong><a href=\"http:\/\/crc.umontreal.ca\/\">Chaire de recherche du Canada en architecture, concours et m\u00e9diations de l\u2019excellence (CRC-ACME<\/a><\/strong>) dont le titulaire\u00a0<strong><a href=\"http:\/\/crc.umontreal.ca\/chercheur\/jean-pierre-chupin\/\">Jean-Pierre Chupin<\/a><\/strong>, Ph.D., architecte MOAQ, MIRAC, DPLG, DipArch(2), est professeur \u00e0 l\u2019Universit\u00e9 de Montr\u00e9al. <a href=\"https:\/\/architecture-awards-agenda.ca\/fr\/aea-network\/\" target=\"_blank\" rel=\"noopener noreferrer\">La mise en oeuvre de cette initiative est soutenue activement par un <strong>r\u00e9seau de chercheurs canadiens et internationaux.<\/strong><\/a><\/p>\n<p>Le site actuel de l\u2019<strong>AREA<\/strong> (<a href=\"http:\/\/www.architecture-awards-agenda.ca\/\">www.architecture-awards-agenda.ca<\/a> ) est ouvert officiellement depuis novembre 2019.<\/p>\n<p>Ce site pr\u00e9figure une importante plateforme de documentation et de recherche dont la programmation et la conception, qui s\u2019\u00e9chelonneront de janvier 2020 \u00e0 janvier 2021, sont soutenues par la <strong><a href=\"https:\/\/www.innovation.ca\/fr\">Fondation Canadienne pour l\u2019Innovation<\/a> <\/strong>et le <strong><a href=\"http:\/\/www.sshrc-crsh.gc.ca\/home-accueil-fra.aspx\">Conseil de recherche en sciences humaines du Canada<\/a><\/strong> via le programme des <strong><a href=\"http:\/\/www.chairs-chaires.gc.ca\/home-accueil-fra.aspx\">Chaires de recherche du Canada<\/a><\/strong>.<\/p>\n<p>Dans les prochaines ann\u00e9es, seule la mise en place d\u2019un vaste r\u00e9seau de chercheures et de chercheurs bas\u00e9es dans les \u00e9coles d\u2019architecture et les universit\u00e9s de recherche du Canada pourra assurer la fiabilit\u00e9, la mise \u00e0 jour r\u00e9guli\u00e8re et la durabilit\u00e9 de cette plateforme de ressources, de connaissances et d\u2019analyses sur la qualit\u00e9 architecturale, paysag\u00e8re et urbaine.<\/p>\n<p>Gr\u00e2ce \u00e0 la contribution des institutions organisatrices de prix et des \u00e9quipes professionnelles, chercheures et \u00e9tudiants seront en mesure de contribuer \u00e0 une meilleure compr\u00e9hension de la qualit\u00e9 dans les domaines de l\u2019environnement b\u00e2ti. Les donn\u00e9es, informations, analyses, comparaisons, visualisations qui seront progressivement livr\u00e9es &#8211; en libre acc\u00e8s &#8211; sur la plateforme AREA Canada prendront appui sur les projets et les \u00e9difices prim\u00e9s au Canada, d\u2019ann\u00e9e en ann\u00e9e, pour identifier les meilleures pratiques (best practices).<\/p>\n<p>La plateforme collective de l&#8217;AREA sera destin\u00e9e \u00e0 offrir les donn\u00e9es scientifiques n\u00e9cessaires \u00e0 la formation, la constitution de politiques et d&#8217;actions de m\u00e9diations visant l&#8217;excellence de nos environnements construits.<\/p>\n<p>On trouvera de plus amples informations sur le programme de la CRC-ACME sur le site <a href=\"http:\/\/www.crc.umontreal.ca\/\">www.crc.umontreal.ca <\/a>ainsi que des \u00e9l\u00e9ments de d\u00e9finition, diverses donn\u00e9es et des r\u00e9flexions dans la section \u00ab\u00a0<a href=\"http:\/\/crc.umontreal.ca\/billets-scientifiques-de-la-crc-acme\/\" target=\"_blank\" rel=\"noopener noreferrer\">billets scientifiques\u00a0<\/a>\u00bb du m\u00eame site.<\/p>\n<p>Jean-Pierre Chupin (Universit\u00e9 de Montr\u00e9al)<\/p>\n","protected":false},"excerpt":{"rendered":"<p>Pr\u00e9sentation L\u2019Atlas de recherche sur l&#8217;exemplarit\u00e9 en architecture est un chantier ouvert! &nbsp; L\u2019Atlas de recherche sur l&#8217;exemplarit\u00e9 en architecture (AREA) est une initiative de la Chaire de recherche du Canada en architecture, concours et m\u00e9diations de l\u2019excellence (CRC-ACME) dont le titulaire\u00a0Jean-Pierre Chupin, Ph.D., architecte MOAQ, MIRAC, DPLG, DipArch(2), est professeur \u00e0 l\u2019Universit\u00e9 de Montr\u00e9al. [&hellip;]<\/p>\n","protected":false},"author":1,"featured_media":0,"parent":0,"menu_order":0,"comment_status":"closed","ping_status":"closed","template":"","meta":[],"translation":{"provider":"WPGlobus","version":"2.10.10","language":"fr","enabled_languages":["en","fr"],"languages":{"en":{"title":true,"content":true,"excerpt":false},"fr":{"title":false,"content":true,"excerpt":false}}},"acf":[],"_links":{"self":[{"href":"https:\/\/architecture-awards-agenda.ca\/fr\/wp-json\/wp\/v2\/pages\/2569"}],"collection":[{"href":"https:\/\/architecture-awards-agenda.ca\/fr\/wp-json\/wp\/v2\/pages"}],"about":[{"href":"https:\/\/architecture-awards-agenda.ca\/fr\/wp-json\/wp\/v2\/types\/page"}],"author":[{"embeddable":true,"href":"https:\/\/architecture-awards-agenda.ca\/fr\/wp-json\/wp\/v2\/users\/1"}],"replies":[{"embeddable":true,"href":"https:\/\/architecture-awards-agenda.ca\/fr\/wp-json\/wp\/v2\/comments?post=2569"}],"version-history":[{"count":23,"href":"https:\/\/architecture-awards-agenda.ca\/fr\/wp-json\/wp\/v2\/pages\/2569\/revisions"}],"predecessor-version":[{"id":6251,"href":"https:\/\/architecture-awards-agenda.ca\/fr\/wp-json\/wp\/v2\/pages\/2569\/revisions\/6251"}],"wp:attachment":[{"href":"https:\/\/architecture-awards-agenda.ca\/fr\/wp-json\/wp\/v2\/media?parent=2569"}],"curies":[{"name":"wp","href":"https:\/\/api.w.org\/{rel}","templated":true}]}}