{"id":5592,"date":"2019-08-28T13:34:24","date_gmt":"2019-08-28T13:34:24","guid":{"rendered":"http:\/\/architecture-awards-agenda.ca\/?page_id=5592"},"modified":"2019-10-15T21:46:23","modified_gmt":"2019-10-15T21:46:23","slug":"contact","status":"publish","type":"page","link":"https:\/\/architecture-awards-agenda.ca\/fr\/contact\/","title":{"rendered":"Contact"},"content":{"rendered":"<section class=\"wpb-content-wrapper\"><p>[vc_row][vc_column][vc_column_text]<strong>Titulaire de la CRC-ACME :<\/strong><br \/>\nJean-Pierre Chupin\u00a0<a href=\"mailto:jean-pierre.chupin@umontreal.ca\">jean-pierre.chupin@umontreal.ca<\/a><\/p>\n<p>&nbsp;<\/p>\n<p><strong>Adresse postale (courrier ordinaire):<\/strong><br \/>\nProfesseur Jean-Pierre Chupin<\/p>\n<p>Chaire de recherche du Canada en architecture, concours et m\u00e9diations de l\u2019excellence<\/p>\n<p>\u00c9cole d\u2019architecture<br \/>\nFacult\u00e9 de l\u2019am\u00e9nagement<br \/>\n<strong>Universit\u00e9 de Montr\u00e9al<\/strong><br \/>\nCP 6128 succ. Centre-Ville<br \/>\nMontr\u00e9al, Qu\u00e9bec<br \/>\nH3C 3J7<br \/>\nCanada<\/p>\n<p><strong><br \/>\nAdresse civique (courrier sp\u00e9cialis\u00e9 type Fed-ex\/UPS):<\/strong><br \/>\nProfesseur Jean-Pierre Chupin<\/p>\n<p>Chaire de recherche du Canada en architecture, concours et m\u00e9diations de l\u2019excellence<\/p>\n<p>\u00c9cole d\u2019architecture<br \/>\nFacult\u00e9 de l\u2019am\u00e9nagement<br \/>\n<strong>Universit\u00e9 de Montr\u00e9al<\/strong><\/p>\n<p>2940, chemin de la C\u00f4te Sainte-Catherine<br \/>\nbureau 2071<br \/>\nMontr\u00e9al QC<br \/>\nH3T 1B9<br \/>\nCanada<\/p>\n<p><strong>\u00a0<\/strong><\/p>\n<p>Num\u00e9ro de local de la chaire :\u00a0# 2069<\/p>\n<p>Courriel:<strong> <a href=\"mailto:jean-pierre.chupin@umontreal.ca\">jean-pierre.chupin@umontreal.ca\u00a0<\/a><\/strong><\/p>\n<p>T\u00e9l\u00e9phone :\u00a0(+1 514) 343 6111 poste 4773[\/vc_column_text][\/vc_column][\/vc_row]<\/p>\n<\/section>","protected":false},"excerpt":{"rendered":"<p>[vc_row][vc_column][vc_column_text]Titulaire de la CRC-ACME : Jean-Pierre Chupin\u00a0jean-pierre.chupin@umontreal.ca &nbsp; Adresse postale (courrier ordinaire): Professeur Jean-Pierre Chupin Chaire de recherche du Canada en architecture, concours et m\u00e9diations de l\u2019excellence \u00c9cole d\u2019architecture Facult\u00e9 de l\u2019am\u00e9nagement Universit\u00e9 de Montr\u00e9al CP 6128 succ. Centre-Ville Montr\u00e9al, Qu\u00e9bec H3C 3J7 Canada Adresse civique (courrier sp\u00e9cialis\u00e9 type Fed-ex\/UPS): Professeur Jean-Pierre Chupin Chaire de [&hellip;]<\/p>\n","protected":false},"author":1,"featured_media":0,"parent":0,"menu_order":0,"comment_status":"closed","ping_status":"closed","template":"","meta":[],"translation":{"provider":"WPGlobus","version":"2.10.10","language":"fr","enabled_languages":["en","fr"],"languages":{"en":{"title":true,"content":true,"excerpt":false},"fr":{"title":false,"content":true,"excerpt":false}}},"acf":[],"_links":{"self":[{"href":"https:\/\/architecture-awards-agenda.ca\/fr\/wp-json\/wp\/v2\/pages\/5592"}],"collection":[{"href":"https:\/\/architecture-awards-agenda.ca\/fr\/wp-json\/wp\/v2\/pages"}],"about":[{"href":"https:\/\/architecture-awards-agenda.ca\/fr\/wp-json\/wp\/v2\/types\/page"}],"author":[{"embeddable":true,"href":"https:\/\/architecture-awards-agenda.ca\/fr\/wp-json\/wp\/v2\/users\/1"}],"replies":[{"embeddable":true,"href":"https:\/\/architecture-awards-agenda.ca\/fr\/wp-json\/wp\/v2\/comments?post=5592"}],"version-history":[{"count":7,"href":"https:\/\/architecture-awards-agenda.ca\/fr\/wp-json\/wp\/v2\/pages\/5592\/revisions"}],"predecessor-version":[{"id":6218,"href":"https:\/\/architecture-awards-agenda.ca\/fr\/wp-json\/wp\/v2\/pages\/5592\/revisions\/6218"}],"wp:attachment":[{"href":"https:\/\/architecture-awards-agenda.ca\/fr\/wp-json\/wp\/v2\/media?parent=5592"}],"curies":[{"name":"wp","href":"https:\/\/api.w.org\/{rel}","templated":true}]}}